{"id":14133,"date":"2024-06-13T09:49:28","date_gmt":"2024-06-13T07:49:28","guid":{"rendered":"https:\/\/www.albergoroma.com\/contatti\/"},"modified":"2024-10-09T12:25:44","modified_gmt":"2024-10-09T10:25:44","slug":"kontakte","status":"publish","type":"page","link":"https:\/\/www.albergoroma.com\/de\/kontakte\/","title":{"rendered":"Kontakte"},"content":{"rendered":"\t\t<div data-elementor-type=\"wp-page\" data-elementor-id=\"14133\" class=\"elementor elementor-14133\">\n\t\t\t\t<div class=\"elementor-element elementor-element-fb79686 e-con-full e-flex e-con e-parent\" data-id=\"fb79686\" data-element_type=\"container\" data-settings=\"{&quot;background_background&quot;:&quot;classic&quot;}\">\n\t\t<div class=\"elementor-element elementor-element-bbe254e e-con-full e-flex e-con e-child\" data-id=\"bbe254e\" data-element_type=\"container\" data-settings=\"{&quot;background_background&quot;:&quot;classic&quot;}\">\n\t\t\t\t<div class=\"elementor-element elementor-element-729895a elementor-widget elementor-widget-carsten_core_google_map\" data-id=\"729895a\" data-element_type=\"widget\" data-widget_type=\"carsten_core_google_map.default\">\n\t\t\t\t<div class=\"elementor-widget-container\">\n\t\t\t<div class=\"qodef-shortcode qodef-m  qodef-google-map\">\n\t<div class=\"qodef-m-map\" id=\"qodef-map-id--878\" data-addresses='[\"Via Fabio Filzi, 39 - 31033 - Castelfranco Veneto (TV)\"]' data-pin=https:\/\/www.albergoroma.com\/wp-cntnt\/uplds\/2024\/06\/albergo-roma-map-marker.png data-unique-id=878 data-height=600><\/div>\n<\/div>\n\t\t<\/div>\n\t\t\t\t<\/div>\n\t\t\t\t<\/div>\n\t\t\t\t<\/div>\n\t\t<div class=\"elementor-element elementor-element-48ff4e8 e-con-full e-flex e-con e-parent\" data-id=\"48ff4e8\" data-element_type=\"container\" data-settings=\"{&quot;background_background&quot;:&quot;classic&quot;}\">\n\t\t<div class=\"elementor-element elementor-element-c0f41b4 e-con-full e-flex e-con e-child\" data-id=\"c0f41b4\" data-element_type=\"container\">\n\t\t<div class=\"elementor-element elementor-element-f2607ce e-con-full e-flex e-con e-child\" data-id=\"f2607ce\" data-element_type=\"container\">\n\t\t<div class=\"elementor-element elementor-element-4591e39 e-con-full e-flex e-con e-child\" data-id=\"4591e39\" data-element_type=\"container\">\n\t\t\t\t<div class=\"elementor-element elementor-element-9b703e5 elementor-widget elementor-widget-carsten_core_section_title\" data-id=\"9b703e5\" data-element_type=\"widget\" data-widget_type=\"carsten_core_section_title.default\">\n\t\t\t\t<div class=\"elementor-widget-container\">\n\t\t\t<div class=\"qodef-shortcode qodef-m  qodef-section-title qodef-alignment--left \">\n\t\t<h4 class=\"qodef-m-title\" style=\"color: #0D1A33\">\n\t\t\t\t\tWo wir sind\t\t\t<\/h4>\n\t\t<\/div>\n\t\t<\/div>\n\t\t\t\t<\/div>\n\t\t\t\t<\/div>\n\t\t<div class=\"elementor-element elementor-element-5b8cf30 e-con-full e-flex e-con e-child\" data-id=\"5b8cf30\" data-element_type=\"container\">\n\t\t\t\t<div class=\"elementor-element elementor-element-af4d86d qode--has-custom-underline elementor-widget elementor-widget-text-editor\" data-id=\"af4d86d\" data-element_type=\"widget\" data-widget_type=\"text-editor.default\">\n\t\t\t\t<div class=\"elementor-widget-container\">\n\t\t\t\t\t\t\t<p>Via Fabio Filzi 39<br \/>31033 &#8211; Castelfranco Veneto (TV)<\/p>\t\t\t\t\t\t<\/div>\n\t\t\t\t<\/div>\n\t\t\t\t<\/div>\n\t\t<div class=\"elementor-element elementor-element-b3c7f28 e-con-full e-flex e-con e-child\" data-id=\"b3c7f28\" data-element_type=\"container\">\n\t\t\t\t<div class=\"elementor-element elementor-element-46251cb elementor-widget elementor-widget-carsten_core_section_title\" data-id=\"46251cb\" data-element_type=\"widget\" data-widget_type=\"carsten_core_section_title.default\">\n\t\t\t\t<div class=\"elementor-widget-container\">\n\t\t\t<div class=\"qodef-shortcode qodef-m  qodef-section-title qodef-alignment--left \">\n\t\t<h4 class=\"qodef-m-title\" style=\"color: #0D1A33\">\n\t\t\t\t\tTelefon\t\t\t<\/h4>\n\t\t<\/div>\n\t\t<\/div>\n\t\t\t\t<\/div>\n\t\t<div class=\"elementor-element elementor-element-eff2da3 e-con-full e-flex e-con e-child\" data-id=\"eff2da3\" data-element_type=\"container\">\n\t\t\t\t<div class=\"elementor-element elementor-element-3a6f352 elementor-widget__width-initial qode--has-custom-underline elementor-widget elementor-widget-text-editor\" data-id=\"3a6f352\" data-element_type=\"widget\" data-widget_type=\"text-editor.default\">\n\t\t\t\t<div class=\"elementor-widget-container\">\n\t\t\t\t\t\t\t<p><a href=\"tel:+390423721616\">+39 0423 721 616<\/a><\/p>\t\t\t\t\t\t<\/div>\n\t\t\t\t<\/div>\n\t\t\t\t<\/div>\n\t\t\t\t<\/div>\n\t\t<div class=\"elementor-element elementor-element-c3b53e2 e-con-full e-flex e-con e-child\" data-id=\"c3b53e2\" data-element_type=\"container\">\n\t\t\t\t<div class=\"elementor-element elementor-element-6a06392 elementor-widget elementor-widget-carsten_core_section_title\" data-id=\"6a06392\" data-element_type=\"widget\" data-widget_type=\"carsten_core_section_title.default\">\n\t\t\t\t<div class=\"elementor-widget-container\">\n\t\t\t<div class=\"qodef-shortcode qodef-m  qodef-section-title qodef-alignment--left \">\n\t\t<h4 class=\"qodef-m-title\" >\n\t\t\t\t\tE-mail\t\t\t<\/h4>\n\t\t<\/div>\n\t\t<\/div>\n\t\t\t\t<\/div>\n\t\t\t\t<\/div>\n\t\t<div class=\"elementor-element elementor-element-4093d3d e-con-full e-flex e-con e-child\" data-id=\"4093d3d\" data-element_type=\"container\">\n\t\t\t\t<div class=\"elementor-element elementor-element-519020f elementor-widget__width-initial qode--has-custom-underline elementor-widget elementor-widget-text-editor\" data-id=\"519020f\" data-element_type=\"widget\" data-widget_type=\"text-editor.default\">\n\t\t\t\t<div class=\"elementor-widget-container\">\n\t\t\t\t\t\t\t<p><a href=\"mailto:info@albergoroma.com\">info@albergoroma.com<\/a><\/p>\t\t\t\t\t\t<\/div>\n\t\t\t\t<\/div>\n\t\t\t\t<\/div>\n\t\t\t\t<\/div>\n\t\t\t\t<\/div>\n\t\t<div class=\"elementor-element elementor-element-5d33cc9 e-con-full e-flex e-con e-child\" data-id=\"5d33cc9\" data-element_type=\"container\" data-settings=\"{&quot;background_background&quot;:&quot;classic&quot;}\">\n\t\t\t\t<div class=\"elementor-element elementor-element-b397a15 elementor-widget elementor-widget-qi_addons_for_elementor_contact_form_7\" data-id=\"b397a15\" data-element_type=\"widget\" data-widget_type=\"qi_addons_for_elementor_contact_form_7.default\">\n\t\t\t\t<div class=\"elementor-widget-container\">\n\t\t\t<div class=\"qodef-shortcode qodef-m  qodef-qi-contact-form-7 \">\n\t\n<div class=\"wpcf7 no-js\" id=\"wpcf7-f14114-o1\" lang=\"en-US\" dir=\"ltr\" data-wpcf7-id=\"14114\">\n<div class=\"screen-reader-response\"><p role=\"status\" aria-live=\"polite\" aria-atomic=\"true\"><\/p> <ul><\/ul><\/div>\n<form action=\"\/de\/wp-json\/wp\/v2\/pages\/14133#wpcf7-f14114-o1\" method=\"post\" class=\"wpcf7-form init\" aria-label=\"Contact form\" novalidate=\"novalidate\" data-status=\"init\">\n<fieldset class=\"hidden-fields-container\"><input type=\"hidden\" name=\"_wpcf7\" value=\"14114\" \/><input type=\"hidden\" name=\"_wpcf7_version\" value=\"6.1.5\" \/><input type=\"hidden\" name=\"_wpcf7_locale\" value=\"en_US\" \/><input type=\"hidden\" name=\"_wpcf7_unit_tag\" value=\"wpcf7-f14114-o1\" \/><input type=\"hidden\" name=\"_wpcf7_container_post\" value=\"0\" \/><input type=\"hidden\" name=\"_wpcf7_posted_data_hash\" value=\"\" \/><input type=\"hidden\" name=\"_wpcf7_recaptcha_response\" value=\"\" \/>\n<\/fieldset>\n<div class=\"qodef-contact-wl-form\">\n<span class=\"wpcf7-form-control-wrap\" data-name=\"your-name\"><input size=\"40\" maxlength=\"400\" class=\"wpcf7-form-control wpcf7-text wpcf7-validates-as-required\" aria-required=\"true\" aria-invalid=\"false\" placeholder=\"Vorname und Nachname*\" value=\"\" type=\"text\" name=\"your-name\" \/><\/span>\n<span class=\"wpcf7-form-control-wrap\" data-name=\"your-email\"><input size=\"40\" maxlength=\"400\" class=\"wpcf7-form-control wpcf7-email wpcf7-validates-as-required wpcf7-text wpcf7-validates-as-email\" aria-required=\"true\" aria-invalid=\"false\" placeholder=\"E-Mail-Adresse\" value=\"\" type=\"email\" name=\"your-email\" \/><\/span>\n<span class=\"wpcf7-form-control-wrap\" data-name=\"your-message\"><textarea cols=\"40\" rows=\"10\" maxlength=\"2000\" class=\"wpcf7-form-control wpcf7-textarea wpcf7-validates-as-required\" aria-required=\"true\" aria-invalid=\"false\" placeholder=\"Nachrichtentext\" name=\"your-message\"><\/textarea><\/span>\n<span class=\"wpcf7-form-control-wrap\" data-name=\"privacy_policy\"><span class=\"wpcf7-form-control wpcf7-acceptance\"><span class=\"wpcf7-list-item\"><label><input type=\"checkbox\" name=\"privacy_policy\" value=\"1\" class=\"privacy_policy\" aria-invalid=\"false\" \/><span class=\"wpcf7-list-item-label\"><a href=\"https:\/\/www.albergoroma.com\/policy\/privacy_de.php\" class=\"policy\" target=\"_blank\">Ich erlaube die Verarbeitung personenbezogener Daten gem\u00e4\u00df Artikel 7 des Gesetzesdekrets 196\/2003.<\/a><\/span><\/label><\/span><\/span><\/span>\n<button class=\"wpcf7-form-control wpcf7-submit qodef-button qodef-size--normal qodef-layout--filled qodef-m\" type=\"submit\"><span class=\"qodef-m-text\">Nachricht senden<\/span><\/button>\n<\/div><div class=\"wpcf7-response-output\" aria-hidden=\"true\"><\/div>\n<\/form>\n<\/div>\n<\/div>\n\t\t<\/div>\n\t\t\t\t<\/div>\n\t\t\t\t<\/div>\n\t\t\t\t<\/div>\n\t\t\t\t<\/div>\n\t\t","protected":false},"excerpt":{"rendered":"<p>Wo wir sind Via Fabio Filzi 3931033 &#8211; Castelfranco Veneto (TV) Telefon +39 0423 721 616 E-mail info@albergoroma.com Ich erlaube die Verarbeitung personenbezogener Daten gem\u00e4\u00df Artikel 7 des Gesetzesdekrets 196\/2003. Nachricht senden<\/p>\n","protected":false},"author":1,"featured_media":0,"parent":0,"menu_order":0,"comment_status":"closed","ping_status":"closed","template":"page-full-width.php","meta":{"footnotes":""},"class_list":["post-14133","page","type-page","status-publish","hentry"],"yoast_head":"<!-- This site is optimized with the Yoast SEO plugin v27.3 - https:\/\/yoast.com\/product\/yoast-seo-wordpress\/ -->\n<title>Hotel Rom Castelfranco Veneto - Italien - Kontakte - Telefon- und Faxnummern<\/title>\n<meta name=\"description\" content=\"Kontaktieren Sie das Albergo Roma Castelfranco Veneto, unsere Verf\u00fcgbarkeit steht Ihnen im Dienste Ihrer Bed\u00fcrfnisse zur Verf\u00fcgung\" \/>\n<meta name=\"robots\" content=\"index, follow, max-snippet:-1, max-image-preview:large, max-video-preview:-1\" \/>\n<link rel=\"canonical\" href=\"https:\/\/www.albergoroma.com\/de\/kontakte\/\" \/>\n<meta property=\"og:locale\" content=\"de_DE\" \/>\n<meta property=\"og:type\" content=\"article\" \/>\n<meta property=\"og:title\" content=\"Hotel Rom Castelfranco Veneto - Italien - Kontakte - Telefon- und Faxnummern\" \/>\n<meta property=\"og:description\" content=\"Kontaktieren Sie das Albergo Roma Castelfranco Veneto, unsere Verf\u00fcgbarkeit steht Ihnen im Dienste Ihrer Bed\u00fcrfnisse zur Verf\u00fcgung\" \/>\n<meta property=\"og:url\" content=\"https:\/\/www.albergoroma.com\/de\/kontakte\/\" \/>\n<meta property=\"og:site_name\" content=\"Albergo Roma\" \/>\n<meta property=\"article:modified_time\" content=\"2024-10-09T10:25:44+00:00\" \/>\n<meta name=\"twitter:card\" content=\"summary_large_image\" \/>\n<meta name=\"twitter:label1\" content=\"Gesch\u00e4tzte Lesezeit\" \/>\n\t<meta name=\"twitter:data1\" content=\"11\u00a0Minuten\" \/>\n<script type=\"application\/ld+json\" class=\"yoast-schema-graph\">{\"@context\":\"https:\\\/\\\/schema.org\",\"@graph\":[{\"@type\":\"WebPage\",\"@id\":\"https:\\\/\\\/www.albergoroma.com\\\/de\\\/kontakte\\\/\",\"url\":\"https:\\\/\\\/www.albergoroma.com\\\/de\\\/kontakte\\\/\",\"name\":\"Hotel Rom Castelfranco Veneto - Italien - Kontakte - Telefon- und Faxnummern\",\"isPartOf\":{\"@id\":\"https:\\\/\\\/www.albergoroma.com\\\/#website\"},\"datePublished\":\"2024-06-13T07:49:28+00:00\",\"dateModified\":\"2024-10-09T10:25:44+00:00\",\"description\":\"Kontaktieren Sie das Albergo Roma Castelfranco Veneto, unsere Verf\u00fcgbarkeit steht Ihnen im Dienste Ihrer Bed\u00fcrfnisse zur Verf\u00fcgung\",\"breadcrumb\":{\"@id\":\"https:\\\/\\\/www.albergoroma.com\\\/de\\\/kontakte\\\/#breadcrumb\"},\"inLanguage\":\"de\",\"potentialAction\":[{\"@type\":\"ReadAction\",\"target\":[\"https:\\\/\\\/www.albergoroma.com\\\/de\\\/kontakte\\\/\"]}]},{\"@type\":\"BreadcrumbList\",\"@id\":\"https:\\\/\\\/www.albergoroma.com\\\/de\\\/kontakte\\\/#breadcrumb\",\"itemListElement\":[{\"@type\":\"ListItem\",\"position\":1,\"name\":\"Home\",\"item\":\"https:\\\/\\\/www.albergoroma.com\\\/de\\\/\"},{\"@type\":\"ListItem\",\"position\":2,\"name\":\"Kontakte\"}]},{\"@type\":\"WebSite\",\"@id\":\"https:\\\/\\\/www.albergoroma.com\\\/#website\",\"url\":\"https:\\\/\\\/www.albergoroma.com\\\/\",\"name\":\"Albergo Roma\",\"description\":\"\",\"potentialAction\":[{\"@type\":\"SearchAction\",\"target\":{\"@type\":\"EntryPoint\",\"urlTemplate\":\"https:\\\/\\\/www.albergoroma.com\\\/?s={search_term_string}\"},\"query-input\":{\"@type\":\"PropertyValueSpecification\",\"valueRequired\":true,\"valueName\":\"search_term_string\"}}],\"inLanguage\":\"de\"}]}<\/script>\n<!-- \/ Yoast SEO plugin. -->","yoast_head_json":{"title":"Hotel Rom Castelfranco Veneto - Italien - Kontakte - Telefon- und Faxnummern","description":"Kontaktieren Sie das Albergo Roma Castelfranco Veneto, unsere Verf\u00fcgbarkeit steht Ihnen im Dienste Ihrer Bed\u00fcrfnisse zur Verf\u00fcgung","robots":{"index":"index","follow":"follow","max-snippet":"max-snippet:-1","max-image-preview":"max-image-preview:large","max-video-preview":"max-video-preview:-1"},"canonical":"https:\/\/www.albergoroma.com\/de\/kontakte\/","og_locale":"de_DE","og_type":"article","og_title":"Hotel Rom Castelfranco Veneto - Italien - Kontakte - Telefon- und Faxnummern","og_description":"Kontaktieren Sie das Albergo Roma Castelfranco Veneto, unsere Verf\u00fcgbarkeit steht Ihnen im Dienste Ihrer Bed\u00fcrfnisse zur Verf\u00fcgung","og_url":"https:\/\/www.albergoroma.com\/de\/kontakte\/","og_site_name":"Albergo Roma","article_modified_time":"2024-10-09T10:25:44+00:00","twitter_card":"summary_large_image","twitter_misc":{"Gesch\u00e4tzte Lesezeit":"11\u00a0Minuten"},"schema":{"@context":"https:\/\/schema.org","@graph":[{"@type":"WebPage","@id":"https:\/\/www.albergoroma.com\/de\/kontakte\/","url":"https:\/\/www.albergoroma.com\/de\/kontakte\/","name":"Hotel Rom Castelfranco Veneto - Italien - Kontakte - Telefon- und Faxnummern","isPartOf":{"@id":"https:\/\/www.albergoroma.com\/#website"},"datePublished":"2024-06-13T07:49:28+00:00","dateModified":"2024-10-09T10:25:44+00:00","description":"Kontaktieren Sie das Albergo Roma Castelfranco Veneto, unsere Verf\u00fcgbarkeit steht Ihnen im Dienste Ihrer Bed\u00fcrfnisse zur Verf\u00fcgung","breadcrumb":{"@id":"https:\/\/www.albergoroma.com\/de\/kontakte\/#breadcrumb"},"inLanguage":"de","potentialAction":[{"@type":"ReadAction","target":["https:\/\/www.albergoroma.com\/de\/kontakte\/"]}]},{"@type":"BreadcrumbList","@id":"https:\/\/www.albergoroma.com\/de\/kontakte\/#breadcrumb","itemListElement":[{"@type":"ListItem","position":1,"name":"Home","item":"https:\/\/www.albergoroma.com\/de\/"},{"@type":"ListItem","position":2,"name":"Kontakte"}]},{"@type":"WebSite","@id":"https:\/\/www.albergoroma.com\/#website","url":"https:\/\/www.albergoroma.com\/","name":"Albergo Roma","description":"","potentialAction":[{"@type":"SearchAction","target":{"@type":"EntryPoint","urlTemplate":"https:\/\/www.albergoroma.com\/?s={search_term_string}"},"query-input":{"@type":"PropertyValueSpecification","valueRequired":true,"valueName":"search_term_string"}}],"inLanguage":"de"}]}},"_links":{"self":[{"href":"https:\/\/www.albergoroma.com\/de\/wp-json\/wp\/v2\/pages\/14133","targetHints":{"allow":["GET"]}}],"collection":[{"href":"https:\/\/www.albergoroma.com\/de\/wp-json\/wp\/v2\/pages"}],"about":[{"href":"https:\/\/www.albergoroma.com\/de\/wp-json\/wp\/v2\/types\/page"}],"author":[{"embeddable":true,"href":"https:\/\/www.albergoroma.com\/de\/wp-json\/wp\/v2\/users\/1"}],"replies":[{"embeddable":true,"href":"https:\/\/www.albergoroma.com\/de\/wp-json\/wp\/v2\/comments?post=14133"}],"version-history":[{"count":4,"href":"https:\/\/www.albergoroma.com\/de\/wp-json\/wp\/v2\/pages\/14133\/revisions"}],"predecessor-version":[{"id":14137,"href":"https:\/\/www.albergoroma.com\/de\/wp-json\/wp\/v2\/pages\/14133\/revisions\/14137"}],"wp:attachment":[{"href":"https:\/\/www.albergoroma.com\/de\/wp-json\/wp\/v2\/media?parent=14133"}],"curies":[{"name":"wp","href":"https:\/\/api.w.org\/{rel}","templated":true}]}}