{"id":14119,"date":"2024-06-13T10:42:43","date_gmt":"2024-06-13T08:42:43","guid":{"rendered":"https:\/\/www.albergoroma.com\/dintorni\/"},"modified":"2024-11-15T10:24:11","modified_gmt":"2024-11-15T09:24:11","slug":"umgebung","status":"publish","type":"page","link":"https:\/\/www.albergoroma.com\/de\/umgebung\/","title":{"rendered":"Umgebung"},"content":{"rendered":"\t\t<div data-elementor-type=\"wp-page\" data-elementor-id=\"14119\" class=\"elementor elementor-14119\">\n\t\t\t\t<div class=\"elementor-element elementor-element-0138f9d e-con-full e-flex e-con e-parent\" data-id=\"0138f9d\" data-element_type=\"container\" data-settings=\"{&quot;background_background&quot;:&quot;classic&quot;}\">\n\t\t<div class=\"elementor-element elementor-element-5b8600f e-con-full qodef-elementor-content-grid e-flex e-con e-child\" data-id=\"5b8600f\" data-element_type=\"container\">\n\t\t\t\t<div class=\"elementor-element elementor-element-0850168 elementor-widget-tablet__width-inherit elementor-widget elementor-widget-carsten_core_section_title\" data-id=\"0850168\" data-element_type=\"widget\" data-widget_type=\"carsten_core_section_title.default\">\n\t\t\t\t<div class=\"elementor-widget-container\">\n\t\t\t<div class=\"qodef-shortcode qodef-m  qodef-section-title qodef-alignment--center \">\n\t\t<h1 class=\"qodef-m-title\" style=\"color: #DA1F28;text-transform: uppercase\">\n\t\t\t\t\tUmgebung\t\t\t<\/h1>\n\t\t<\/div>\n\t\t<\/div>\n\t\t\t\t<\/div>\n\t\t\t\t<div class=\"elementor-element elementor-element-8948bf1 elementor-widget elementor-widget-text-editor\" data-id=\"8948bf1\" data-element_type=\"widget\" data-widget_type=\"text-editor.default\">\n\t\t\t\t<div class=\"elementor-widget-container\">\n\t\t\t\t\t\t\t<p>Das <strong>Hotel Roma<\/strong> \u00fcberblickt die Piazza Giorgione und die <strong>alten mittelalterlichen Mauern<\/strong> von Castelfranco, das als das interessanteste \u201ekleine Zentrum\u201c in ganz Venetien gilt, sowohl wegen seines historischen Reichtums als auch wegen seiner Sch\u00f6nheit sehr gl\u00fcckliche geografische Lage, die es genie\u00dft. Diese Stadt liegt nahezu perfekt im Zentrum von Treviso, Venedig, Vicenza und Padua und liegt auch in der N\u00e4he bekannter Touristenziele wie Cittadella, Bassano del Grappa, Asolo, Venezianische Villen, das Grappa-Massiv, Colli Pedemontani, Montello und Valdobbiadene mit seinen H\u00fcgeln, die zum UNESCO-Welterbe des Prosecco geh\u00f6ren. Diese Gegend bietet <strong>Momente der Entspannung, des Essens, des Weins und des Sports<\/strong> sowie <strong>unz\u00e4hlige Wege zum Radfahren oder Spazierengehen<\/strong>.<\/p>\t\t\t\t\t\t<\/div>\n\t\t\t\t<\/div>\n\t\t\t\t<\/div>\n\t\t\t\t<\/div>\n\t\t<div class=\"elementor-element elementor-element-0de5ec9 e-con-full qodef--has-custom-overlay e-flex e-con e-parent\" data-id=\"0de5ec9\" data-element_type=\"container\" data-settings=\"{&quot;background_background&quot;:&quot;classic&quot;}\">\n\t\t\t\t<\/div>\n\t\t<div class=\"elementor-element elementor-element-dab82ab e-con-full e-grid e-con e-parent\" data-id=\"dab82ab\" data-element_type=\"container\">\n\t\t<div class=\"elementor-element elementor-element-01d6f76 e-con-full e-flex e-con e-child\" data-id=\"01d6f76\" data-element_type=\"container\">\n\t\t\t\t<div class=\"elementor-element elementor-element-261ea3f elementor-widget elementor-widget-carsten_core_banner\" data-id=\"261ea3f\" data-element_type=\"widget\" data-widget_type=\"carsten_core_banner.default\">\n\t\t\t\t<div class=\"elementor-widget-container\">\n\t\t\t<div class=\"qodef-shortcode qodef-m  qodef-banner qodef-layout--centered\" >\n\t<div class=\"qodef-m-image\">\n\t<img fetchpriority=\"high\" decoding=\"async\" width=\"1280\" height=\"842\" src=\"https:\/\/www.albergoroma.com\/wp-cntnt\/uplds\/2024\/06\/albergo-roma-dintorni-venezia.jpg\" class=\"attachment-full size-full\" alt=\"\" srcset=\"https:\/\/www.albergoroma.com\/wp-cntnt\/uplds\/2024\/06\/albergo-roma-dintorni-venezia.jpg 1280w, https:\/\/www.albergoroma.com\/wp-cntnt\/uplds\/2024\/06\/albergo-roma-dintorni-venezia-300x197.jpg 300w, https:\/\/www.albergoroma.com\/wp-cntnt\/uplds\/2024\/06\/albergo-roma-dintorni-venezia-1024x674.jpg 1024w, https:\/\/www.albergoroma.com\/wp-cntnt\/uplds\/2024\/06\/albergo-roma-dintorni-venezia-768x505.jpg 768w\" sizes=\"(max-width: 1280px) 100vw, 1280px\" \/><\/div>\n\t<div class=\"qodef-m-content\">\n\t\t<div class=\"qodef-m-content-inner\">\n\t\t\t\t\t\t\t<h4 class=\"qodef-m-title\" >\n\t\tVenezia\t<\/h4>\n\t\t\t\t\t<\/div>\n\t<\/div>\n\t<\/div>\n\t\t<\/div>\n\t\t\t\t<\/div>\n\t\t\t\t<\/div>\n\t\t<div class=\"elementor-element elementor-element-ec12579 e-con-full e-flex e-con e-child\" data-id=\"ec12579\" data-element_type=\"container\">\n\t\t\t\t<div class=\"elementor-element elementor-element-a5c60cd elementor-widget elementor-widget-carsten_core_banner\" data-id=\"a5c60cd\" data-element_type=\"widget\" data-widget_type=\"carsten_core_banner.default\">\n\t\t\t\t<div class=\"elementor-widget-container\">\n\t\t\t<div class=\"qodef-shortcode qodef-m  qodef-banner qodef-layout--centered\" >\n\t<div class=\"qodef-m-image\">\n\t<img decoding=\"async\" width=\"1280\" height=\"842\" src=\"https:\/\/www.albergoroma.com\/wp-cntnt\/uplds\/2024\/06\/albergo-roma-dintorni-treviso.jpg\" class=\"attachment-full size-full\" alt=\"\" srcset=\"https:\/\/www.albergoroma.com\/wp-cntnt\/uplds\/2024\/06\/albergo-roma-dintorni-treviso.jpg 1280w, https:\/\/www.albergoroma.com\/wp-cntnt\/uplds\/2024\/06\/albergo-roma-dintorni-treviso-300x197.jpg 300w, https:\/\/www.albergoroma.com\/wp-cntnt\/uplds\/2024\/06\/albergo-roma-dintorni-treviso-1024x674.jpg 1024w, https:\/\/www.albergoroma.com\/wp-cntnt\/uplds\/2024\/06\/albergo-roma-dintorni-treviso-768x505.jpg 768w\" sizes=\"(max-width: 1280px) 100vw, 1280px\" \/><\/div>\n\t<div class=\"qodef-m-content\">\n\t\t<div class=\"qodef-m-content-inner\">\n\t\t\t\t\t\t\t<h4 class=\"qodef-m-title\" >\n\t\tTreviso\t<\/h4>\n\t\t\t\t\t<\/div>\n\t<\/div>\n\t<\/div>\n\t\t<\/div>\n\t\t\t\t<\/div>\n\t\t\t\t<\/div>\n\t\t<div class=\"elementor-element elementor-element-13cbaeb e-con-full e-flex e-con e-child\" data-id=\"13cbaeb\" data-element_type=\"container\">\n\t\t\t\t<div class=\"elementor-element elementor-element-643195e elementor-widget elementor-widget-carsten_core_banner\" data-id=\"643195e\" data-element_type=\"widget\" data-widget_type=\"carsten_core_banner.default\">\n\t\t\t\t<div class=\"elementor-widget-container\">\n\t\t\t<div class=\"qodef-shortcode qodef-m  qodef-banner qodef-layout--centered\" >\n\t<div class=\"qodef-m-image\">\n\t<img decoding=\"async\" width=\"1280\" height=\"842\" src=\"https:\/\/www.albergoroma.com\/wp-cntnt\/uplds\/2024\/06\/albergo-roma-dintorni-vicenza.jpg\" class=\"attachment-full size-full\" alt=\"\" srcset=\"https:\/\/www.albergoroma.com\/wp-cntnt\/uplds\/2024\/06\/albergo-roma-dintorni-vicenza.jpg 1280w, https:\/\/www.albergoroma.com\/wp-cntnt\/uplds\/2024\/06\/albergo-roma-dintorni-vicenza-300x197.jpg 300w, https:\/\/www.albergoroma.com\/wp-cntnt\/uplds\/2024\/06\/albergo-roma-dintorni-vicenza-1024x674.jpg 1024w, https:\/\/www.albergoroma.com\/wp-cntnt\/uplds\/2024\/06\/albergo-roma-dintorni-vicenza-768x505.jpg 768w\" sizes=\"(max-width: 1280px) 100vw, 1280px\" \/><\/div>\n\t<div class=\"qodef-m-content\">\n\t\t<div class=\"qodef-m-content-inner\">\n\t\t\t\t\t\t\t<h4 class=\"qodef-m-title\" >\n\t\tVicenza\t<\/h4>\n\t\t\t\t\t<\/div>\n\t<\/div>\n\t<\/div>\n\t\t<\/div>\n\t\t\t\t<\/div>\n\t\t\t\t<\/div>\n\t\t<div class=\"elementor-element elementor-element-5d99531 e-con-full e-flex e-con e-child\" data-id=\"5d99531\" data-element_type=\"container\">\n\t\t\t\t<div class=\"elementor-element elementor-element-6a18286 elementor-widget elementor-widget-carsten_core_banner\" data-id=\"6a18286\" data-element_type=\"widget\" data-widget_type=\"carsten_core_banner.default\">\n\t\t\t\t<div class=\"elementor-widget-container\">\n\t\t\t<div class=\"qodef-shortcode qodef-m  qodef-banner qodef-layout--centered\" >\n\t<div class=\"qodef-m-image\">\n\t<img loading=\"lazy\" decoding=\"async\" width=\"1280\" height=\"842\" src=\"https:\/\/www.albergoroma.com\/wp-cntnt\/uplds\/2024\/11\/albergo-roma-dintorni-padova.jpg\" class=\"attachment-full size-full\" alt=\"\" srcset=\"https:\/\/www.albergoroma.com\/wp-cntnt\/uplds\/2024\/11\/albergo-roma-dintorni-padova.jpg 1280w, https:\/\/www.albergoroma.com\/wp-cntnt\/uplds\/2024\/11\/albergo-roma-dintorni-padova-300x197.jpg 300w, https:\/\/www.albergoroma.com\/wp-cntnt\/uplds\/2024\/11\/albergo-roma-dintorni-padova-1024x674.jpg 1024w, https:\/\/www.albergoroma.com\/wp-cntnt\/uplds\/2024\/11\/albergo-roma-dintorni-padova-768x505.jpg 768w\" sizes=\"(max-width: 1280px) 100vw, 1280px\" \/><\/div>\n\t<div class=\"qodef-m-content\">\n\t\t<div class=\"qodef-m-content-inner\">\n\t\t\t\t\t\t\t<h4 class=\"qodef-m-title\" >\n\t\tPadova\t<\/h4>\n\t\t\t\t\t<\/div>\n\t<\/div>\n\t<\/div>\n\t\t<\/div>\n\t\t\t\t<\/div>\n\t\t\t\t<\/div>\n\t\t<div class=\"elementor-element elementor-element-5fe3980 e-con-full e-flex e-con e-child\" data-id=\"5fe3980\" data-element_type=\"container\">\n\t\t\t\t<div class=\"elementor-element elementor-element-5045ce4 elementor-widget elementor-widget-carsten_core_banner\" data-id=\"5045ce4\" data-element_type=\"widget\" data-widget_type=\"carsten_core_banner.default\">\n\t\t\t\t<div class=\"elementor-widget-container\">\n\t\t\t<div class=\"qodef-shortcode qodef-m  qodef-banner qodef-layout--centered\" >\n\t<div class=\"qodef-m-image\">\n\t<img loading=\"lazy\" decoding=\"async\" width=\"1280\" height=\"842\" src=\"https:\/\/www.albergoroma.com\/wp-cntnt\/uplds\/2024\/06\/albeergo-roma-dintorni-bassano-del-grappa.jpg\" class=\"attachment-full size-full\" alt=\"\" srcset=\"https:\/\/www.albergoroma.com\/wp-cntnt\/uplds\/2024\/06\/albeergo-roma-dintorni-bassano-del-grappa.jpg 1280w, https:\/\/www.albergoroma.com\/wp-cntnt\/uplds\/2024\/06\/albeergo-roma-dintorni-bassano-del-grappa-300x197.jpg 300w, https:\/\/www.albergoroma.com\/wp-cntnt\/uplds\/2024\/06\/albeergo-roma-dintorni-bassano-del-grappa-1024x674.jpg 1024w, https:\/\/www.albergoroma.com\/wp-cntnt\/uplds\/2024\/06\/albeergo-roma-dintorni-bassano-del-grappa-768x505.jpg 768w\" sizes=\"(max-width: 1280px) 100vw, 1280px\" \/><\/div>\n\t<div class=\"qodef-m-content\">\n\t\t<div class=\"qodef-m-content-inner\">\n\t\t\t\t\t\t\t<h4 class=\"qodef-m-title\" >\n\t\tBassano del grappa\t<\/h4>\n\t\t\t\t\t<\/div>\n\t<\/div>\n\t<\/div>\n\t\t<\/div>\n\t\t\t\t<\/div>\n\t\t\t\t<\/div>\n\t\t<div class=\"elementor-element elementor-element-a9e9513 e-con-full e-flex e-con e-child\" data-id=\"a9e9513\" data-element_type=\"container\">\n\t\t\t\t<div class=\"elementor-element elementor-element-16b37f2 elementor-widget elementor-widget-carsten_core_banner\" data-id=\"16b37f2\" data-element_type=\"widget\" data-widget_type=\"carsten_core_banner.default\">\n\t\t\t\t<div class=\"elementor-widget-container\">\n\t\t\t<div class=\"qodef-shortcode qodef-m  qodef-banner qodef-layout--centered\" >\n\t<div class=\"qodef-m-image\">\n\t<img loading=\"lazy\" decoding=\"async\" width=\"1280\" height=\"842\" src=\"https:\/\/www.albergoroma.com\/wp-cntnt\/uplds\/2024\/06\/alberego-roma-dintorni-valdobbiadene.jpg\" class=\"attachment-full size-full\" alt=\"\" srcset=\"https:\/\/www.albergoroma.com\/wp-cntnt\/uplds\/2024\/06\/alberego-roma-dintorni-valdobbiadene.jpg 1280w, https:\/\/www.albergoroma.com\/wp-cntnt\/uplds\/2024\/06\/alberego-roma-dintorni-valdobbiadene-300x197.jpg 300w, https:\/\/www.albergoroma.com\/wp-cntnt\/uplds\/2024\/06\/alberego-roma-dintorni-valdobbiadene-1024x674.jpg 1024w, https:\/\/www.albergoroma.com\/wp-cntnt\/uplds\/2024\/06\/alberego-roma-dintorni-valdobbiadene-768x505.jpg 768w\" sizes=\"(max-width: 1280px) 100vw, 1280px\" \/><\/div>\n\t<div class=\"qodef-m-content\">\n\t\t<div class=\"qodef-m-content-inner\">\n\t\t\t\t\t\t\t<h4 class=\"qodef-m-title\" >\n\t\tValdobbiadene\t<\/h4>\n\t\t\t\t\t<\/div>\n\t<\/div>\n\t<\/div>\n\t\t<\/div>\n\t\t\t\t<\/div>\n\t\t\t\t<\/div>\n\t\t\t\t<\/div>\n\t\t\t\t<\/div>\n\t\t","protected":false},"excerpt":{"rendered":"<p>Umgebung Das Hotel Roma \u00fcberblickt die Piazza Giorgione und die alten mittelalterlichen Mauern von Castelfranco, das als das interessanteste \u201ekleine Zentrum\u201c in ganz Venetien gilt, sowohl wegen seines historischen Reichtums als auch wegen seiner Sch\u00f6nheit sehr gl\u00fcckliche geografische Lage, die es genie\u00dft. Diese Stadt liegt nahezu perfekt im Zentrum von Treviso, Venedig, Vicenza und Padua [&hellip;]<\/p>\n","protected":false},"author":1,"featured_media":0,"parent":0,"menu_order":0,"comment_status":"closed","ping_status":"closed","template":"page-full-width.php","meta":{"footnotes":""},"class_list":["post-14119","page","type-page","status-publish","hentry"],"yoast_head":"<!-- This site is optimized with the Yoast SEO plugin v27.5 - https:\/\/yoast.com\/product\/yoast-seo-wordpress\/ -->\n<title>Entdecken Sie Castelfranco Veneto Treviso - Hotel Rom<\/title>\n<meta name=\"robots\" content=\"index, follow, max-snippet:-1, max-image-preview:large, max-video-preview:-1\" \/>\n<link rel=\"canonical\" href=\"https:\/\/www.albergoroma.com\/de\/umgebung\/\" \/>\n<meta property=\"og:locale\" content=\"de_DE\" \/>\n<meta property=\"og:type\" content=\"article\" \/>\n<meta property=\"og:title\" content=\"Entdecken Sie Castelfranco Veneto Treviso - Hotel Rom\" \/>\n<meta property=\"og:description\" content=\"Umgebung Das Hotel Roma \u00fcberblickt die Piazza Giorgione und die alten mittelalterlichen Mauern von Castelfranco, das als das interessanteste \u201ekleine Zentrum\u201c in ganz Venetien gilt, sowohl wegen seines historischen Reichtums als auch wegen seiner Sch\u00f6nheit sehr gl\u00fcckliche geografische Lage, die es genie\u00dft. Diese Stadt liegt nahezu perfekt im Zentrum von Treviso, Venedig, Vicenza und Padua [&hellip;]\" \/>\n<meta property=\"og:url\" content=\"https:\/\/www.albergoroma.com\/de\/umgebung\/\" \/>\n<meta property=\"og:site_name\" content=\"Albergo Roma\" \/>\n<meta property=\"article:modified_time\" content=\"2024-11-15T09:24:11+00:00\" \/>\n<meta property=\"og:image\" content=\"https:\/\/www.albergoroma.com\/wp-cntnt\/uplds\/2024\/06\/albergo-roma-dintorni-venezia.jpg\" \/>\n<meta name=\"twitter:card\" content=\"summary_large_image\" \/>\n<meta name=\"twitter:label1\" content=\"Gesch\u00e4tzte Lesezeit\" \/>\n\t<meta name=\"twitter:data1\" content=\"2\u00a0Minuten\" \/>\n<script type=\"application\/ld+json\" class=\"yoast-schema-graph\">{\"@context\":\"https:\\\/\\\/schema.org\",\"@graph\":[{\"@type\":\"WebPage\",\"@id\":\"https:\\\/\\\/www.albergoroma.com\\\/de\\\/umgebung\\\/\",\"url\":\"https:\\\/\\\/www.albergoroma.com\\\/de\\\/umgebung\\\/\",\"name\":\"Entdecken Sie Castelfranco Veneto Treviso - Hotel Rom\",\"isPartOf\":{\"@id\":\"https:\\\/\\\/www.albergoroma.com\\\/#website\"},\"primaryImageOfPage\":{\"@id\":\"https:\\\/\\\/www.albergoroma.com\\\/de\\\/umgebung\\\/#primaryimage\"},\"image\":{\"@id\":\"https:\\\/\\\/www.albergoroma.com\\\/de\\\/umgebung\\\/#primaryimage\"},\"thumbnailUrl\":\"https:\\\/\\\/www.albergoroma.com\\\/wp-cntnt\\\/uplds\\\/2024\\\/06\\\/albergo-roma-dintorni-venezia.jpg\",\"datePublished\":\"2024-06-13T08:42:43+00:00\",\"dateModified\":\"2024-11-15T09:24:11+00:00\",\"breadcrumb\":{\"@id\":\"https:\\\/\\\/www.albergoroma.com\\\/de\\\/umgebung\\\/#breadcrumb\"},\"inLanguage\":\"de\",\"potentialAction\":[{\"@type\":\"ReadAction\",\"target\":[\"https:\\\/\\\/www.albergoroma.com\\\/de\\\/umgebung\\\/\"]}]},{\"@type\":\"ImageObject\",\"inLanguage\":\"de\",\"@id\":\"https:\\\/\\\/www.albergoroma.com\\\/de\\\/umgebung\\\/#primaryimage\",\"url\":\"https:\\\/\\\/www.albergoroma.com\\\/wp-cntnt\\\/uplds\\\/2024\\\/06\\\/albergo-roma-dintorni-venezia.jpg\",\"contentUrl\":\"https:\\\/\\\/www.albergoroma.com\\\/wp-cntnt\\\/uplds\\\/2024\\\/06\\\/albergo-roma-dintorni-venezia.jpg\"},{\"@type\":\"BreadcrumbList\",\"@id\":\"https:\\\/\\\/www.albergoroma.com\\\/de\\\/umgebung\\\/#breadcrumb\",\"itemListElement\":[{\"@type\":\"ListItem\",\"position\":1,\"name\":\"Home\",\"item\":\"https:\\\/\\\/www.albergoroma.com\\\/de\\\/\"},{\"@type\":\"ListItem\",\"position\":2,\"name\":\"Umgebung\"}]},{\"@type\":\"WebSite\",\"@id\":\"https:\\\/\\\/www.albergoroma.com\\\/#website\",\"url\":\"https:\\\/\\\/www.albergoroma.com\\\/\",\"name\":\"Albergo Roma\",\"description\":\"\",\"potentialAction\":[{\"@type\":\"SearchAction\",\"target\":{\"@type\":\"EntryPoint\",\"urlTemplate\":\"https:\\\/\\\/www.albergoroma.com\\\/?s={search_term_string}\"},\"query-input\":{\"@type\":\"PropertyValueSpecification\",\"valueRequired\":true,\"valueName\":\"search_term_string\"}}],\"inLanguage\":\"de\"}]}<\/script>\n<!-- \/ Yoast SEO plugin. -->","yoast_head_json":{"title":"Entdecken Sie Castelfranco Veneto Treviso - Hotel Rom","robots":{"index":"index","follow":"follow","max-snippet":"max-snippet:-1","max-image-preview":"max-image-preview:large","max-video-preview":"max-video-preview:-1"},"canonical":"https:\/\/www.albergoroma.com\/de\/umgebung\/","og_locale":"de_DE","og_type":"article","og_title":"Entdecken Sie Castelfranco Veneto Treviso - Hotel Rom","og_description":"Umgebung Das Hotel Roma \u00fcberblickt die Piazza Giorgione und die alten mittelalterlichen Mauern von Castelfranco, das als das interessanteste \u201ekleine Zentrum\u201c in ganz Venetien gilt, sowohl wegen seines historischen Reichtums als auch wegen seiner Sch\u00f6nheit sehr gl\u00fcckliche geografische Lage, die es genie\u00dft. Diese Stadt liegt nahezu perfekt im Zentrum von Treviso, Venedig, Vicenza und Padua [&hellip;]","og_url":"https:\/\/www.albergoroma.com\/de\/umgebung\/","og_site_name":"Albergo Roma","article_modified_time":"2024-11-15T09:24:11+00:00","og_image":[{"url":"https:\/\/www.albergoroma.com\/wp-cntnt\/uplds\/2024\/06\/albergo-roma-dintorni-venezia.jpg","type":"","width":"","height":""}],"twitter_card":"summary_large_image","twitter_misc":{"Gesch\u00e4tzte Lesezeit":"2\u00a0Minuten"},"schema":{"@context":"https:\/\/schema.org","@graph":[{"@type":"WebPage","@id":"https:\/\/www.albergoroma.com\/de\/umgebung\/","url":"https:\/\/www.albergoroma.com\/de\/umgebung\/","name":"Entdecken Sie Castelfranco Veneto Treviso - Hotel Rom","isPartOf":{"@id":"https:\/\/www.albergoroma.com\/#website"},"primaryImageOfPage":{"@id":"https:\/\/www.albergoroma.com\/de\/umgebung\/#primaryimage"},"image":{"@id":"https:\/\/www.albergoroma.com\/de\/umgebung\/#primaryimage"},"thumbnailUrl":"https:\/\/www.albergoroma.com\/wp-cntnt\/uplds\/2024\/06\/albergo-roma-dintorni-venezia.jpg","datePublished":"2024-06-13T08:42:43+00:00","dateModified":"2024-11-15T09:24:11+00:00","breadcrumb":{"@id":"https:\/\/www.albergoroma.com\/de\/umgebung\/#breadcrumb"},"inLanguage":"de","potentialAction":[{"@type":"ReadAction","target":["https:\/\/www.albergoroma.com\/de\/umgebung\/"]}]},{"@type":"ImageObject","inLanguage":"de","@id":"https:\/\/www.albergoroma.com\/de\/umgebung\/#primaryimage","url":"https:\/\/www.albergoroma.com\/wp-cntnt\/uplds\/2024\/06\/albergo-roma-dintorni-venezia.jpg","contentUrl":"https:\/\/www.albergoroma.com\/wp-cntnt\/uplds\/2024\/06\/albergo-roma-dintorni-venezia.jpg"},{"@type":"BreadcrumbList","@id":"https:\/\/www.albergoroma.com\/de\/umgebung\/#breadcrumb","itemListElement":[{"@type":"ListItem","position":1,"name":"Home","item":"https:\/\/www.albergoroma.com\/de\/"},{"@type":"ListItem","position":2,"name":"Umgebung"}]},{"@type":"WebSite","@id":"https:\/\/www.albergoroma.com\/#website","url":"https:\/\/www.albergoroma.com\/","name":"Albergo Roma","description":"","potentialAction":[{"@type":"SearchAction","target":{"@type":"EntryPoint","urlTemplate":"https:\/\/www.albergoroma.com\/?s={search_term_string}"},"query-input":{"@type":"PropertyValueSpecification","valueRequired":true,"valueName":"search_term_string"}}],"inLanguage":"de"}]}},"_links":{"self":[{"href":"https:\/\/www.albergoroma.com\/de\/wp-json\/wp\/v2\/pages\/14119","targetHints":{"allow":["GET"]}}],"collection":[{"href":"https:\/\/www.albergoroma.com\/de\/wp-json\/wp\/v2\/pages"}],"about":[{"href":"https:\/\/www.albergoroma.com\/de\/wp-json\/wp\/v2\/types\/page"}],"author":[{"embeddable":true,"href":"https:\/\/www.albergoroma.com\/de\/wp-json\/wp\/v2\/users\/1"}],"replies":[{"embeddable":true,"href":"https:\/\/www.albergoroma.com\/de\/wp-json\/wp\/v2\/comments?post=14119"}],"version-history":[{"count":10,"href":"https:\/\/www.albergoroma.com\/de\/wp-json\/wp\/v2\/pages\/14119\/revisions"}],"predecessor-version":[{"id":14169,"href":"https:\/\/www.albergoroma.com\/de\/wp-json\/wp\/v2\/pages\/14119\/revisions\/14169"}],"wp:attachment":[{"href":"https:\/\/www.albergoroma.com\/de\/wp-json\/wp\/v2\/media?parent=14119"}],"curies":[{"name":"wp","href":"https:\/\/api.w.org\/{rel}","templated":true}]}}